{"id":2102,"date":"2022-03-16T11:50:02","date_gmt":"2022-03-16T09:50:02","guid":{"rendered":"https:\/\/masdosdecarisma.com\/?post_type=product&#038;p=2102"},"modified":"2025-10-27T17:06:08","modified_gmt":"2025-10-27T15:06:08","slug":"ailuridos-suplemento-digital","status":"publish","type":"product","link":"https:\/\/masdosdecarisma.com\/en\/product\/ailuridos-suplemento-digital\/","title":{"rendered":"Ail\u00faridos &#8211; Suplemento digital"},"content":{"rendered":"<p>Los ail\u00faridos es una nueva raza para el juego Cr\u00f3nicas del Ocaso.<\/p>\n<p>En este suplemento digital encontrar\u00e1s informaci\u00f3n de la raza, sus caracter\u00edsticas as\u00ed como sus etnias: Ail\u00faridos polares y Ail\u00faridos fulgens.<\/p>","protected":false},"excerpt":{"rendered":"<p>Los ail\u00faridos es una nueva raza para el juego Cr\u00f3nicas del Ocaso.<\/p>\n<p>En este suplemento digital encontrar\u00e1s informaci\u00f3n de la raza, sus caracter\u00edsticas as\u00ed como sus etnias: Ail\u00faridos polares y Ail\u00faridos fulgens.<\/p>","protected":false},"featured_media":2105,"comment_status":"open","ping_status":"closed","template":"","meta":[],"product_brand":[],"product_cat":[55,51],"product_tag":[],"class_list":{"0":"post-2102","1":"product","2":"type-product","3":"status-publish","4":"has-post-thumbnail","6":"product_cat-cronicas-del-ocaso","7":"product_cat-juegos-de-rol","9":"first","10":"instock","11":"downloadable","12":"virtual","13":"taxable","14":"purchasable","15":"product-type-simple"},"_links":{"self":[{"href":"https:\/\/masdosdecarisma.com\/en\/wp-json\/wp\/v2\/product\/2102","targetHints":{"allow":["GET"]}}],"collection":[{"href":"https:\/\/masdosdecarisma.com\/en\/wp-json\/wp\/v2\/product"}],"about":[{"href":"https:\/\/masdosdecarisma.com\/en\/wp-json\/wp\/v2\/types\/product"}],"replies":[{"embeddable":true,"href":"https:\/\/masdosdecarisma.com\/en\/wp-json\/wp\/v2\/comments?post=2102"}],"version-history":[{"count":0,"href":"https:\/\/masdosdecarisma.com\/en\/wp-json\/wp\/v2\/product\/2102\/revisions"}],"wp:featuredmedia":[{"embeddable":true,"href":"https:\/\/masdosdecarisma.com\/en\/wp-json\/wp\/v2\/media\/2105"}],"wp:attachment":[{"href":"https:\/\/masdosdecarisma.com\/en\/wp-json\/wp\/v2\/media?parent=2102"}],"wp:term":[{"taxonomy":"product_brand","embeddable":true,"href":"https:\/\/masdosdecarisma.com\/en\/wp-json\/wp\/v2\/product_brand?post=2102"},{"taxonomy":"product_cat","embeddable":true,"href":"https:\/\/masdosdecarisma.com\/en\/wp-json\/wp\/v2\/product_cat?post=2102"},{"taxonomy":"product_tag","embeddable":true,"href":"https:\/\/masdosdecarisma.com\/en\/wp-json\/wp\/v2\/product_tag?post=2102"}],"curies":[{"name":"wp","href":"https:\/\/api.w.org\/{rel}","templated":true}]}}