{"id":1701,"date":"2021-03-23T14:23:29","date_gmt":"2021-03-23T12:23:29","guid":{"rendered":"https:\/\/masdosdecarisma.com\/?post_type=product&#038;p=1701"},"modified":"2025-10-25T02:36:35","modified_gmt":"2025-10-25T00:36:35","slug":"guia-de-conversion-de-pfrg-a-cronicas-del-ocaso","status":"publish","type":"product","link":"https:\/\/masdosdecarisma.com\/en\/product\/guia-de-conversion-de-pfrg-a-cronicas-del-ocaso\/","title":{"rendered":"Gu\u00eda de conversi\u00f3n de PFRPG a Cr\u00f3nicas del Ocaso"},"content":{"rendered":"<p>Esta gu\u00eda ofrece las herramientas necesarias para convertir el contenido de la primera edici\u00f3n de PFRPG a Cr\u00f3nicas del Ocaso.<\/p>","protected":false},"excerpt":{"rendered":"<p>Esta gu\u00eda ofrece las herramientas necesarias para convertir el contenido de la primera edici\u00f3n de PFRPG a Cr\u00f3nicas del Ocaso.<\/p>","protected":false},"featured_media":1702,"comment_status":"open","ping_status":"closed","template":"","meta":[],"product_brand":[],"product_cat":[55],"product_tag":[],"class_list":{"0":"post-1701","1":"product","2":"type-product","3":"status-publish","4":"has-post-thumbnail","6":"product_cat-cronicas-del-ocaso","8":"first","9":"instock","10":"downloadable","11":"virtual","12":"purchasable","13":"product-type-simple"},"_links":{"self":[{"href":"https:\/\/masdosdecarisma.com\/en\/wp-json\/wp\/v2\/product\/1701","targetHints":{"allow":["GET"]}}],"collection":[{"href":"https:\/\/masdosdecarisma.com\/en\/wp-json\/wp\/v2\/product"}],"about":[{"href":"https:\/\/masdosdecarisma.com\/en\/wp-json\/wp\/v2\/types\/product"}],"replies":[{"embeddable":true,"href":"https:\/\/masdosdecarisma.com\/en\/wp-json\/wp\/v2\/comments?post=1701"}],"version-history":[{"count":0,"href":"https:\/\/masdosdecarisma.com\/en\/wp-json\/wp\/v2\/product\/1701\/revisions"}],"wp:featuredmedia":[{"embeddable":true,"href":"https:\/\/masdosdecarisma.com\/en\/wp-json\/wp\/v2\/media\/1702"}],"wp:attachment":[{"href":"https:\/\/masdosdecarisma.com\/en\/wp-json\/wp\/v2\/media?parent=1701"}],"wp:term":[{"taxonomy":"product_brand","embeddable":true,"href":"https:\/\/masdosdecarisma.com\/en\/wp-json\/wp\/v2\/product_brand?post=1701"},{"taxonomy":"product_cat","embeddable":true,"href":"https:\/\/masdosdecarisma.com\/en\/wp-json\/wp\/v2\/product_cat?post=1701"},{"taxonomy":"product_tag","embeddable":true,"href":"https:\/\/masdosdecarisma.com\/en\/wp-json\/wp\/v2\/product_tag?post=1701"}],"curies":[{"name":"wp","href":"https:\/\/api.w.org\/{rel}","templated":true}]}}