{"id":1454,"date":"2021-03-24T11:41:51","date_gmt":"2021-03-24T09:41:51","guid":{"rendered":"https:\/\/masdosdecarisma.com\/?post_type=product&#038;p=1454"},"modified":"2025-10-25T02:36:17","modified_gmt":"2025-10-25T00:36:17","slug":"cronicas-del-ocaso-mapa-de-nexaria-pdf","status":"publish","type":"product","link":"https:\/\/masdosdecarisma.com\/en\/product\/cronicas-del-ocaso-mapa-de-nexaria-pdf\/","title":{"rendered":"Cr\u00f3nicas del Ocaso: Mapa de Nexaria &#8211; PDF"},"content":{"rendered":"<p>Versi\u00f3n PDF del Mapa de Nexaria en tama\u00f1o A2<\/p>","protected":false},"excerpt":{"rendered":"<p>Versi\u00f3n PDF del Mapa de Nexaria en tama\u00f1o A2<\/p>","protected":false},"featured_media":1362,"comment_status":"open","ping_status":"closed","template":"","meta":[],"product_brand":[],"product_cat":[55],"product_tag":[],"class_list":{"0":"post-1454","1":"product","2":"type-product","3":"status-publish","4":"has-post-thumbnail","6":"product_cat-cronicas-del-ocaso","8":"first","9":"instock","10":"downloadable","11":"virtual","12":"taxable","13":"purchasable","14":"product-type-simple"},"_links":{"self":[{"href":"https:\/\/masdosdecarisma.com\/en\/wp-json\/wp\/v2\/product\/1454","targetHints":{"allow":["GET"]}}],"collection":[{"href":"https:\/\/masdosdecarisma.com\/en\/wp-json\/wp\/v2\/product"}],"about":[{"href":"https:\/\/masdosdecarisma.com\/en\/wp-json\/wp\/v2\/types\/product"}],"replies":[{"embeddable":true,"href":"https:\/\/masdosdecarisma.com\/en\/wp-json\/wp\/v2\/comments?post=1454"}],"version-history":[{"count":0,"href":"https:\/\/masdosdecarisma.com\/en\/wp-json\/wp\/v2\/product\/1454\/revisions"}],"wp:featuredmedia":[{"embeddable":true,"href":"https:\/\/masdosdecarisma.com\/en\/wp-json\/wp\/v2\/media\/1362"}],"wp:attachment":[{"href":"https:\/\/masdosdecarisma.com\/en\/wp-json\/wp\/v2\/media?parent=1454"}],"wp:term":[{"taxonomy":"product_brand","embeddable":true,"href":"https:\/\/masdosdecarisma.com\/en\/wp-json\/wp\/v2\/product_brand?post=1454"},{"taxonomy":"product_cat","embeddable":true,"href":"https:\/\/masdosdecarisma.com\/en\/wp-json\/wp\/v2\/product_cat?post=1454"},{"taxonomy":"product_tag","embeddable":true,"href":"https:\/\/masdosdecarisma.com\/en\/wp-json\/wp\/v2\/product_tag?post=1454"}],"curies":[{"name":"wp","href":"https:\/\/api.w.org\/{rel}","templated":true}]}}