{"id":1450,"date":"2021-03-24T11:35:39","date_gmt":"2021-03-24T09:35:39","guid":{"rendered":"https:\/\/masdosdecarisma.com\/?post_type=product&#038;p=1450"},"modified":"2026-01-03T10:42:36","modified_gmt":"2026-01-03T08:42:36","slug":"hoja-de-personaje-de-cronicas-del-ocaso-pdf-gratuito","status":"publish","type":"product","link":"https:\/\/masdosdecarisma.com\/en\/product\/hoja-de-personaje-de-cronicas-del-ocaso-pdf-gratuito\/","title":{"rendered":"Cr\u00f3nicas del Ocaso: Hoja de personaje editable &#8211; PDF gratuito"},"content":{"rendered":"<p>Versi\u00f3n gratuita de la hoja de personaje editable de Cr\u00f3nicas del Ocaso<\/p>","protected":false},"excerpt":{"rendered":"<p>Versi\u00f3n gratuita de la hoja de personaje editable de Cr\u00f3nicas del Ocaso<\/p>","protected":false},"featured_media":1452,"comment_status":"open","ping_status":"closed","template":"","meta":[],"product_brand":[],"product_cat":[55],"product_tag":[],"class_list":{"0":"post-1450","1":"product","2":"type-product","3":"status-publish","4":"has-post-thumbnail","6":"product_cat-cronicas-del-ocaso","8":"first","9":"instock","10":"downloadable","11":"virtual","12":"purchasable","13":"product-type-simple"},"_links":{"self":[{"href":"https:\/\/masdosdecarisma.com\/en\/wp-json\/wp\/v2\/product\/1450","targetHints":{"allow":["GET"]}}],"collection":[{"href":"https:\/\/masdosdecarisma.com\/en\/wp-json\/wp\/v2\/product"}],"about":[{"href":"https:\/\/masdosdecarisma.com\/en\/wp-json\/wp\/v2\/types\/product"}],"replies":[{"embeddable":true,"href":"https:\/\/masdosdecarisma.com\/en\/wp-json\/wp\/v2\/comments?post=1450"}],"version-history":[{"count":0,"href":"https:\/\/masdosdecarisma.com\/en\/wp-json\/wp\/v2\/product\/1450\/revisions"}],"wp:featuredmedia":[{"embeddable":true,"href":"https:\/\/masdosdecarisma.com\/en\/wp-json\/wp\/v2\/media\/1452"}],"wp:attachment":[{"href":"https:\/\/masdosdecarisma.com\/en\/wp-json\/wp\/v2\/media?parent=1450"}],"wp:term":[{"taxonomy":"product_brand","embeddable":true,"href":"https:\/\/masdosdecarisma.com\/en\/wp-json\/wp\/v2\/product_brand?post=1450"},{"taxonomy":"product_cat","embeddable":true,"href":"https:\/\/masdosdecarisma.com\/en\/wp-json\/wp\/v2\/product_cat?post=1450"},{"taxonomy":"product_tag","embeddable":true,"href":"https:\/\/masdosdecarisma.com\/en\/wp-json\/wp\/v2\/product_tag?post=1450"}],"curies":[{"name":"wp","href":"https:\/\/api.w.org\/{rel}","templated":true}]}}