{"id":3,"date":"2020-02-15T11:55:15","date_gmt":"2020-02-15T11:55:15","guid":{"rendered":"http:\/\/masdosdecarisma.com\/?page_id=3"},"modified":"2020-07-22T14:21:35","modified_gmt":"2020-07-22T12:21:35","slug":"politica-privacidad","status":"publish","type":"page","link":"https:\/\/masdosdecarisma.com\/en\/politica-privacidad\/","title":{"rendered":"Privacy policy"},"content":{"rendered":"<div data-elementor-type=\"wp-page\" data-elementor-id=\"3\" class=\"elementor elementor-3\">\n\t\t\t\t\t\t<section class=\"elementor-section elementor-top-section elementor-element elementor-element-25ff625 elementor-section-boxed elementor-section-height-default elementor-section-height-default\" data-id=\"25ff625\" data-element_type=\"section\">\n\t\t\t\t\t\t<div class=\"elementor-container elementor-column-gap-default\">\n\t\t\t\t\t<div class=\"elementor-column elementor-col-100 elementor-top-column elementor-element elementor-element-198c3268\" data-id=\"198c3268\" data-element_type=\"column\">\n\t\t\t<div class=\"elementor-widget-wrap elementor-element-populated\">\n\t\t\t\t\t\t<div class=\"elementor-element elementor-element-1f51314 elementor-widget elementor-widget-heading\" data-id=\"1f51314\" data-element_type=\"widget\" data-widget_type=\"heading.default\">\n\t\t\t\t<div class=\"elementor-widget-container\">\n\t\t\t\t\t<h2 class=\"elementor-heading-title elementor-size-default\">Privacy policy<\/h2>\t\t\t\t<\/div>\n\t\t\t\t<\/div>\n\t\t\t\t<div class=\"elementor-element elementor-element-3d4755db elementor-widget elementor-widget-text-editor\" data-id=\"3d4755db\" data-element_type=\"widget\" data-widget_type=\"text-editor.default\">\n\t\t\t\t<div class=\"elementor-widget-container\">\n\t\t\t\t\t\t\t\t\t<p><\/p>\n<h2 class=\"wp-block-heading\">Qui\u00e9nes somos<\/h2>\n<p><\/p>\n<p><\/p>\n<p>Mediante la aceptaci\u00f3n de la presente Pol\u00edtica de Privacidad prestas tu consentimiento para que los datos personales que proporciones a trav\u00e9s de la p\u00e1gina web puedan ser recabados por la navegaci\u00f3n o contrataci\u00f3n de servicios a trav\u00e9s de la web http:\/\/masdosdecarisma.com gestionada por Luis Castro S\u00e1nchez.<\/p>\n<p><\/p>\n<p><\/p>\n<p>En este sentido, se garantiza el cumplimiento de la normativa vigente en materia de protecci\u00f3n de datos personales, reflejada en la Ley Org\u00e1nica 15\u20441999, de 13 de diciembre, de Protecci\u00f3n de Datos de Car\u00e1cter Personal (LOPD), y al Real Decreto 1720\u20442007, de 21 de diciembre, conocido como el Reglamento de desarrollo de la LOPD. Cumple tambi\u00e9n con el Reglamento (UE) 2016\u2044679 del Parlamento Europeo y del Consejo de 27 de abril de 2016 relativo a la protecci\u00f3n de las personas f\u00edsicas (RGPD).<\/p>\n<p><\/p>\n<p><\/p>\n<p>El uso de esta web implica la aceptaci\u00f3n de esta pol\u00edtica de privacidad.<\/p>\n<h2 style=\"color: #515151; width: 1050px; margin-top: 0px; margin-bottom: 0.5em; text-rendering: optimizespeed; font-size: 1.6em; line-height: 1.3; font-family: 'PT Serif', sans-serif;\">Principios que aplicaremos a tu informaci\u00f3n personal<\/h2>\n<p style=\"margin-bottom: 1.3em; color: #8e8e8e; font-family: 'PT Sans', sans-serif; font-size: 17.6px;\">En el tratamiento de tus datos personales, aplicaremos los siguientes principios que se ajustan a las exigencias del nuevo reglamento europeo de protecci\u00f3n de datos:<\/p>\n<ul style=\"list-style-position: initial; list-style-image: initial; padding: 0px; margin-bottom: 1.3em; color: #8e8e8e; font-family: 'PT Sans', sans-serif; font-size: 17.6px; background-color: #ffffff;\">\n<li style=\"margin-left: 1.3em;\"><span style=\"font-weight: bolder;\">Principio de licitud, lealtad y transparencia:<\/span>\u00a0Siempre vamos a requerir tu consentimiento para el tratamiento de tus datos personales para uno o varios fines espec\u00edficos que te informaremos previamente con absoluta transparencia.<\/li>\n<li style=\"margin-left: 1.3em;\"><span style=\"font-weight: bolder;\">Principio de minimizaci\u00f3n de datos:<\/span>\u00a0Solo vamos a solicitar datos estrictamente necesarios en relaci\u00f3n con los fines para los que los requerimos. Los m\u00ednimos posibles.<\/li>\n<li style=\"margin-left: 1.3em;\"><span style=\"font-weight: bolder;\">Principio de limitaci\u00f3n del plazo de conservaci\u00f3n:<\/span>\u00a0Los datos ser\u00e1n mantenidos durante no m\u00e1s tiempo del necesario para los fines del tratamiento, en funci\u00f3n a la finalidad, te informaremos del plazo de conservaci\u00f3n correspondiente, en el caso de suscripciones, peri\u00f3dicamente revisaremos nuestras listas y eliminaremos aquellos registros inactivos durante un tiempo considerable.<\/li>\n<li style=\"margin-left: 1.3em;\"><span style=\"font-weight: bolder;\">Principio de integridad y confidencialidad:<\/span>\u00a0Tus datos ser\u00e1n tratados de tal manera que se garantice una seguridad adecuada de los datos personales y se garantice confidencialidad. Debes saber que tomamos todas las precauciones necesarias para evitar el acceso no autorizado o uso indebido de los datos de nuestros usuarios por parte de terceros.<\/li>\n<\/ul>\n<h2 style=\"color: #515151; width: 1050px; margin-top: 0px; margin-bottom: 0.5em; text-rendering: optimizespeed; font-size: 1.6em; line-height: 1.3; font-family: 'PT Serif', sans-serif;\">\u00bfC\u00f3mo hemos obtenido tus datos?<\/h2>\n<p style=\"margin-bottom: 1.3em; color: #8e8e8e; font-family: 'PT Sans', sans-serif; font-size: 17.6px;\">Los datos personales pueden recogerse en alguno de los siguientes casos:<\/p>\n<ul style=\"list-style-position: initial; list-style-image: initial; padding: 0px; margin-bottom: 1.3em; color: #8e8e8e; font-family: 'PT Sans', sans-serif; font-size: 17.6px; background-color: #ffffff;\">\n<li style=\"margin-left: 1.3em;\">Al contactar a trav\u00e9s de los formularios de contacto o correo electr\u00f3nico.<\/li>\n<li style=\"margin-left: 1.3em;\">Al realizar una compra en nuestra tienda.<\/li>\n<li style=\"margin-left: 1.3em;\">Al registrarte en nuestra web.<\/li>\n<\/ul>\n<h2 style=\"color: #515151; width: 1050px; margin-top: 0px; margin-bottom: 0.5em; text-rendering: optimizespeed; font-size: 1.6em; line-height: 1.3; font-family: 'PT Serif', sans-serif;\">\u00bfCu\u00e1les son tus derechos cuando nos facilitas tus datos?<\/h2>\n<p style=\"margin-bottom: 1.3em; color: #8e8e8e; font-family: 'PT Sans', sans-serif; font-size: 17.6px;\">Las personas interesadas tienen derecho a:<\/p>\n<ul style=\"list-style-position: initial; list-style-image: initial; padding: 0px; margin-bottom: 1.3em; color: #8e8e8e; font-family: 'PT Sans', sans-serif; font-size: 17.6px; background-color: #ffffff;\">\n<li style=\"margin-left: 1.3em;\">Solicitar el acceso a los datos personales relativos al interesado.<\/li>\n<li style=\"margin-left: 1.3em;\">Solicitar su rectificaci\u00f3n o supresi\u00f3n.<\/li>\n<li style=\"margin-left: 1.3em;\">Solicitar la limitaci\u00f3n de su tratamiento.<\/li>\n<li style=\"margin-left: 1.3em;\">Oponerse al tratamiento.<\/li>\n<\/ul>\n<p style=\"margin-bottom: 1.3em; color: #8e8e8e; font-family: 'PT Sans', sans-serif; font-size: 17.6px;\">No se puede ejercitar el derecho a la portabilidad de los datos.<\/p>\n<p style=\"margin-bottom: 1.3em; color: #8e8e8e; font-family: 'PT Sans', sans-serif; font-size: 17.6px;\">El ejercicio de estos derechos es personal y debe por tanto ser ejercido directamente por el interesado, solicit\u00e1ndolo directamente a Luis Castro S\u00e1nchez, lo que significa que cualquier cliente, suscriptor o colaborador que haya facilitado sus datos en alg\u00fan momento, puede dirigirse a\u00a0<span style=\"font-size: 17.6px;\">Luis Castro S\u00e1nchez<\/span>\u00a0para pedir informaci\u00f3n sobre los datos que almacenados, su derecho de acceso, solicitar la rectificaci\u00f3n de los mismos, oponerse al tratamiento, limitar su uso o en su caso la cancelaci\u00f3n de esos datos en mis ficheros.<\/p>\n<p style=\"margin-bottom: 1.3em; color: #8e8e8e; font-family: 'PT Sans', sans-serif; font-size: 17.6px;\">Puedes enviar cualquier petici\u00f3n de este tipo y ejercitar los derechos de acceso, rectificaci\u00f3n, cancelaci\u00f3n y oposici\u00f3n a trav\u00e9s de correo electr\u00f3nico enviando un correo electr\u00f3nico a hola@masdosdecarisma.com junto con la prueba v\u00e1lida en derecho como una fotocopia del D.N.I. o equivalente.<\/p>\n<p style=\"margin-bottom: 1.3em; color: #8e8e8e; font-family: 'PT Sans', sans-serif; font-size: 17.6px;\">Los interesados tambi\u00e9n tendr\u00e1n derecho a la tutela judicial efectiva y a presentar una reclamaci\u00f3n ante la autoridad de control, en este caso, la Agencia Espa\u00f1ola de Protecci\u00f3n de Datos, si consideran que el tratamiento de datos personales que le conciernen infringe el Reglamento.<\/p>\n<h2 style=\"color: #515151; width: 1050px; margin-top: 0px; margin-bottom: 0.5em; text-rendering: optimizespeed; font-size: 1.6em; line-height: 1.3; font-family: 'PT Serif', sans-serif;\">\u00bfCon qu\u00e9 finalidad tratamos tus datos personales?<\/h2>\n<p style=\"margin-bottom: 1.3em; color: #8e8e8e; font-family: 'PT Sans', sans-serif; font-size: 17.6px;\">Cuando un usuario se conecta\u00a0<a href=\"https:\/\/masdosdecarisma.com\/en\/\">https:\/\/masdosdecarisma.com<\/a>\u00a0para mandar un correo al titular, suscribirse o realizar alguna contrataci\u00f3n, est\u00e1 facilitando informaci\u00f3n de car\u00e1cter personal de la que es responsable Luis Castro S\u00e1nchez. Esa informaci\u00f3n puede incluir datos de car\u00e1cter personal como pueden ser direcci\u00f3n IP, nombre, direcci\u00f3n f\u00edsica, direcci\u00f3n de correo electr\u00f3nico, n\u00famero de tel\u00e9fono, y otra informaci\u00f3n. Al facilitar esta informaci\u00f3n, el usuario da su consentimiento para que su informaci\u00f3n sea recopilada, utilizada, gestionada y almacenada s\u00f3lo como se describe\u00a0en la presente\u00a0<a style=\"touch-action: manipulation; color: #e4007c;\" href=\"https:\/\/hausofglitter.es\/politica-privacidad\/\">Pol\u00edtica de Privacidad<\/a>.<\/p>\n<p style=\"margin-bottom: 1.3em; color: #8e8e8e; font-family: 'PT Sans', sans-serif; font-size: 17.6px;\">En la web existen diferentes sistemas de captura de informaci\u00f3n personal y tratamos la informaci\u00f3n que nos facilitan las personas interesadas con el siguiente fin por cada sistema de captura (formularios):<\/p>\n<ul style=\"list-style-position: initial; list-style-image: initial; padding: 0px; margin-bottom: 1.3em; color: #8e8e8e; font-family: 'PT Sans', sans-serif; font-size: 17.6px; background-color: #ffffff;\">\n<li style=\"margin-left: 1.3em;\"><span style=\"font-weight: bolder;\">Formularios de contacto y soporte:<\/span>\u00a0Solicitamos los siguientes datos personales: Nombre y Email. Nos resultan necesarios para responder a tus preguntas y solicitudes.\u00a0Por ejemplo, podemos utilizar esos datos para responder a tu solicitud y dar respuesta a las dudas, quejas, comentarios o inquietudes que puedas tener relativas a la informaci\u00f3n incluida en la web, los servicios que se prestan a trav\u00e9s de la web, el tratamiento de sus datos personales, cuestiones referentes a los textos legales incluidos en la web, as\u00ed como cualesquiera otras consultas que puedas tener y que no est\u00e9n sujetas a las condiciones de contrataci\u00f3n.<\/li>\n<li style=\"margin-left: 1.3em;\"><span style=\"font-weight: bolder;\">Formularios de suscripci\u00f3n a contenidos:<\/span>\u00a0En este caso, solicitamos los siguientes datos personales: Nombre, Email, Tel\u00e9fono, para gestionar la lista de suscripciones, enviar boletines, promociones y ofertas especiales, facilitados por el usuario al realizar la suscripci\u00f3n. Te informamos que los datos que nos facilitas estar\u00e1n ubicados en los servidores de The Rocket Science Group LLC d\/b\/a , con domicilio en EEUU. (Mailchimp).\u00a0Lee m\u00e1s sobre la pol\u00edtica de privacidad de Mailchimp\u00a0<a style=\"touch-action: manipulation; color: #e4007c;\" href=\"https:\/\/mailchimp.com\/legal\/privacy\/\">aqu\u00ed<\/a>.<\/li>\n<li style=\"margin-left: 1.3em;\"><span style=\"font-weight: bolder;\">Carrito de compra.\u00a0<\/span>Cuando compras, guardamos el registro de tu email y el contenido del carrito durante un m\u00e1ximo de 30 d\u00edas en el servidor. Este registro se mantiene para repoblar el contenido de la cesta si cambia de dispositivo o recuperarla.<\/li>\n<\/ul>\n<p style=\"margin-bottom: 1.3em; color: #8e8e8e; font-family: 'PT Sans', sans-serif; font-size: 17.6px;\"><span style=\"font-weight: bolder;\">Existen otras finalidades por la que tratamos tus datos personales:<\/span><\/p>\n<ul style=\"list-style-position: initial; list-style-image: initial; padding: 0px; margin-bottom: 1.3em; color: #8e8e8e; font-family: 'PT Sans', sans-serif; font-size: 17.6px; background-color: #ffffff;\">\n<li style=\"margin-left: 1.3em;\">Para garantizar el cumplimiento de las condiciones de uso y la ley aplicable. Esto puede incluir el desarrollo de herramientas y algoritmos que ayudan a esta web a garantizar la confidencialidad de los datos personales que recoge.<\/li>\n<li style=\"margin-left: 1.3em;\">Para apoyar y mejorar los servicios que ofrece esta web.<\/li>\n<li style=\"margin-left: 1.3em;\">Tambi\u00e9n se recogen otros datos no identificativos que se obtienen mediante algunas cookies que se descargan en el ordenador del usuario cuando navega en esta web, y que detallamos en la pol\u00edtica de cookies.<\/li>\n<\/ul>\n<h2 style=\"color: #515151; width: 1050px; margin-top: 0px; margin-bottom: 0.5em; text-rendering: optimizespeed; font-size: 1.6em; line-height: 1.3; font-family: 'PT Serif', sans-serif;\">C\u00f3mo protegemos tus datos<\/h2>\n<p style=\"margin-bottom: 1.3em; color: #8e8e8e; font-family: 'PT Sans', sans-serif; font-size: 17.6px;\">Este sitio web se encuentra alojado en Hostinger. La seguridad de tus datos est\u00e1 garantizada, ya que toman todas las medidas de seguridad necesarias para ello. Puedes consultar su pol\u00edtica de privacidad para tener m\u00e1s informaci\u00f3n.<\/p>\n<p style=\"margin-bottom: 1.3em; color: #8e8e8e; font-family: 'PT Sans', sans-serif; font-size: 17.6px;\">Para proteger tu informaci\u00f3n personal, tomamos precauciones razonables y seguimos las mejores pr\u00e1cticas de la industria para asegurarnos de que no haya p\u00e9rdida de manera inapropiada, mal uso, acceso, divulgaci\u00f3n, alteraci\u00f3n o destrucci\u00f3n de la misma.<\/p>\n<p style=\"margin-bottom: 1.3em; color: #8e8e8e; font-family: 'PT Sans', sans-serif; font-size: 17.6px;\">Los datos personales de los usuarios\u00a0<span style=\"font-weight: bolder;\">no ser\u00e1n cedidos<\/span>\u00a0a terceras organizaciones, con la salvedad de que dicha cesi\u00f3n de datos este amparada en una obligaci\u00f3n legal o cuando la prestaci\u00f3n de un servicio implique la necesidad de una relaci\u00f3n contractual con un encargado de tratamiento. En este \u00faltimo caso, solo se llevar\u00e1 a cabo la cesi\u00f3n de datos al tercero cuando se disponga del consentimiento expreso del usuario.<\/p>\n<p style=\"margin-bottom: 1.3em; color: #8e8e8e; font-family: 'PT Sans', sans-serif; font-size: 17.6px;\">Sin embargo, en algunos casos se pueden realizar colaboraciones con otros profesionales, en esos casos, se requerir\u00e1 consentimiento a los usuarios informando sobre la identidad del colaborador y la finalidad de la colaboraci\u00f3n. Siempre se realizar\u00e1 con los m\u00e1s estrictos est\u00e1ndares de seguridad.<\/p>\n<h2 style=\"color: #515151; width: 1050px; margin-top: 0px; margin-bottom: 0.5em; text-rendering: optimizespeed; font-size: 1.6em; line-height: 1.3; font-family: 'PT Serif', sans-serif;\">Contenido de otros sitios web<\/h2>\n<p style=\"margin-bottom: 1.3em; color: #8e8e8e; font-family: 'PT Sans', sans-serif; font-size: 17.6px;\">Los art\u00edculos de este sitio pueden incluir contenido incrustado (por ejemplo, v\u00eddeos, im\u00e1genes, art\u00edculos, etc.). El contenido incrustado de otras web se comporta exactamente de la misma manera que si el visitante hubiera visitado la otra web.<\/p>\n<p style=\"margin-bottom: 1.3em; color: #8e8e8e; font-family: 'PT Sans', sans-serif; font-size: 17.6px;\">Estas web pueden recopilar datos sobre ti, utilizar cookies, incrustar un seguimiento adicional de terceros, y supervisar tu interacci\u00f3n con ese contenido incrustado, incluido el seguimiento de su interacci\u00f3n con el contenido incrustado si tienes una cuenta y est\u00e1s conectado a esa web.<\/p>\n<h2 style=\"color: #515151; width: 1050px; margin-top: 0px; margin-bottom: 0.5em; text-rendering: optimizespeed; font-size: 1.6em; line-height: 1.3; font-family: 'PT Serif', sans-serif;\">Cookies<\/h2>\n<p style=\"margin-bottom: 1.3em; color: #8e8e8e; font-family: 'PT Sans', sans-serif; font-size: 17.6px;\">Al registrarse o navegar por la web, se almacenan cookies para facilitar la navegaci\u00f3n. El usuario puede consultar la pol\u00edtica de cookies en cualquier momento.<\/p>\n<h2 style=\"color: #515151; width: 1050px; margin-top: 0px; margin-bottom: 0.5em; text-rendering: optimizespeed; font-size: 1.6em; line-height: 1.3; font-family: 'PT Serif', sans-serif;\">Legitimaci\u00f3n para el tratamiento de tus datos<\/h2>\n<p style=\"margin-bottom: 1.3em; color: #8e8e8e; font-family: 'PT Sans', sans-serif; font-size: 17.6px;\">La base legal para el tratamiento de sus datos es: el consentimiento.\u00a0Para contactar o realizar comentarios en esta web se requiere la aceptaci\u00f3n de esta pol\u00edtica de privacidad.<\/p>\n<h2 style=\"color: #515151; width: 1050px; margin-top: 0px; margin-bottom: 0.5em; text-rendering: optimizespeed; font-size: 1.6em; line-height: 1.3; font-family: 'PT Serif', sans-serif;\">Categor\u00eda de datos<\/h2>\n<ul style=\"list-style-position: initial; list-style-image: initial; padding: 0px; margin-bottom: 1.3em; color: #8e8e8e; font-family: 'PT Sans', sans-serif; font-size: 17.6px; background-color: #ffffff;\">\n<li style=\"margin-left: 1.3em;\">Las categor\u00edas de datos que se tratan son datos identificativos.<\/li>\n<li style=\"margin-left: 1.3em;\">No se tratan categor\u00edas de datos especialmente protegidos.<\/li>\n<\/ul>\n<h2 style=\"color: #515151; width: 1050px; margin-top: 0px; margin-bottom: 0.5em; text-rendering: optimizespeed; font-size: 1.6em; line-height: 1.3; font-family: 'PT Serif', sans-serif;\">\u00bfPor cu\u00e1nto tiempo conservaremos tus datos?<\/h2>\n<p style=\"margin-bottom: 1.3em; color: #8e8e8e; font-family: 'PT Sans', sans-serif; font-size: 17.6px;\">Los datos personales proporcionados se conservar\u00e1n hasta que se solicite su supresi\u00f3n por el interesado.<\/p>\n<h2 style=\"color: #515151; width: 1050px; margin-top: 0px; margin-bottom: 0.5em; text-rendering: optimizespeed; font-size: 1.6em; line-height: 1.3; font-family: 'PT Serif', sans-serif;\">\u00bfA qu\u00e9 destinatarios se comunicar\u00e1n tus datos?<\/h2>\n<ul style=\"list-style-position: initial; list-style-image: initial; padding: 0px; margin-bottom: 1.3em; color: #8e8e8e; font-family: 'PT Sans', sans-serif; font-size: 17.6px; background-color: #ffffff;\">\n<li style=\"margin-left: 1.3em;\"><span style=\"font-weight: bolder;\">Google Analytics<\/span>\u00a0un servicio anal\u00edtico de web prestado por Google, Inc., una compa\u00f1\u00eda de Delaware cuya oficina principal est\u00e1 en 1600 Amphitheatre Parkway, Mountain View (California), CA 94043, Estados Unidos (\u201cGoogle\u201d). Google Analytics utiliza \u201ccookies\u201d, que son archivos de texto ubicados en tu ordenador, para ayudar a\u00a0<a href=\"https:\/\/masdosdecarisma.com\/en\/\">https:\/\/masdosdecarisma.com\/<\/a>\u00a0a analizar el uso que hacen los usuarios del sitio web. La informaci\u00f3n que genera la cookie acerca de su uso de\u00a0<a href=\"https:\/\/masdosdecarisma.com\/en\/\">https:\/\/masdosdecarisma.com\/<\/a>\u00a0(incluyendo tu direcci\u00f3n IP) ser\u00e1 directamente transmitida y archivada por Google en los servidores de Estados Unidos.<\/li>\n<\/ul>\n<h2 style=\"color: #515151; width: 1050px; margin-top: 0px; margin-bottom: 0.5em; text-rendering: optimizespeed; font-size: 1.6em; line-height: 1.3; font-family: 'PT Serif', sans-serif;\">Navegaci\u00f3n Web<\/h2>\n<p style=\"margin-bottom: 1.3em; color: #8e8e8e; font-family: 'PT Sans', sans-serif; font-size: 17.6px;\">Al navegar por la web\u00a0se pueden recoger datos no identificables, que pueden incluir, direcciones IP, ubicaci\u00f3n geogr\u00e1fica (aproximadamente), un registro de c\u00f3mo se utilizan los servicios y sitios, y otros datos que no pueden ser utilizados para identificar al usuario. Entre los datos no identificativos est\u00e1n tambi\u00e9n los relacionados a tus h\u00e1bitos de navegaci\u00f3n a trav\u00e9s de servicios de terceros.<\/p>\n<p style=\"margin-bottom: 1.3em; color: #8e8e8e; font-family: 'PT Sans', sans-serif; font-size: 17.6px;\">Estas webs utilizan los siguientes servicios de an\u00e1lisis de terceros:<\/p>\n<ul style=\"list-style-position: initial; list-style-image: initial; padding: 0px; margin-bottom: 1.3em; color: #8e8e8e; font-family: 'PT Sans', sans-serif; font-size: 17.6px; background-color: #ffffff;\">\n<li style=\"margin-left: 1.3em;\">Google Analytics<\/li>\n<\/ul>\n<p style=\"margin-bottom: 1.3em; color: #8e8e8e; font-family: 'PT Sans', sans-serif; font-size: 17.6px;\">Utilizamos esta informaci\u00f3n para analizar tendencias, administrar el sitio, rastrear los movimientos de los usuarios alrededor del sitio y para recopilar informaci\u00f3n demogr\u00e1fica sobre nuestra base de usuarios en su conjunto.<\/p>\n<h2 style=\"color: #515151; width: 1050px; margin-top: 0px; margin-bottom: 0.5em; text-rendering: optimizespeed; font-size: 1.6em; line-height: 1.3; font-family: 'PT Serif', sans-serif;\">Exactitud y veracidad de los datos<\/h2>\n<p style=\"margin-bottom: 1.3em; color: #8e8e8e; font-family: 'PT Sans', sans-serif; font-size: 17.6px;\">Como usuario, eres el \u00fanico responsable de la veracidad y correcci\u00f3n de los datos que remitas a Luis Castro S\u00e1nchez exonerando a\u00a0<span style=\"font-size: 17.6px;\">Luis Castro S\u00e1nchez<\/span>, de cualquier responsabilidad al respecto.<\/p>\n<p style=\"margin-bottom: 1.3em; color: #8e8e8e; font-family: 'PT Sans', sans-serif; font-size: 17.6px;\">Los usuarios garantizan y responden, en cualquier caso, de la exactitud, vigencia y autenticidad de los datos personales facilitados, y se comprometen a mantenerlos debidamente actualizados. El usuario acepta proporcionar informaci\u00f3n completa y correcta en el formulario de contacto o suscripci\u00f3n.<\/p>\n<h2 style=\"color: #515151; width: 1050px; margin-top: 0px; margin-bottom: 0.5em; text-rendering: optimizespeed; font-size: 1.6em; line-height: 1.3; font-family: 'PT Serif', sans-serif;\">Aceptaci\u00f3n y consentimiento<\/h2>\n<p style=\"margin-bottom: 1.3em; color: #8e8e8e; font-family: 'PT Sans', sans-serif; font-size: 17.6px;\">El usuario declara haber sido informado de las condiciones sobre protecci\u00f3n de datos de car\u00e1cter personal, aceptando y consintiendo el tratamiento de los mismos por parte de\u00a0<span style=\"font-size: 17.6px;\">Luis Castro S\u00e1nchez<\/span>\u00a0en la forma y para las finalidades indicadas en esta pol\u00edtica de privacidad.<\/p>\n<h2 style=\"color: #515151; width: 1050px; margin-top: 0px; margin-bottom: 0.5em; text-rendering: optimizespeed; font-size: 1.6em; line-height: 1.3; font-family: 'PT Serif', sans-serif;\">Revocabilidad<\/h2>\n<p style=\"margin-bottom: 1.3em; color: #8e8e8e; font-family: 'PT Sans', sans-serif; font-size: 17.6px;\">En todo momento, los usuarios que quieran acceder a sus datos, rectificarlos o cancelarlos pueden mandar un email a hola@masdosdecarisma.com para ejercer sus derechos de oposici\u00f3n, acceso e informaci\u00f3n, rectificaci\u00f3n, cancelaci\u00f3n de sus datos y revocaci\u00f3n de su autorizaci\u00f3n.<\/p>\n<p style=\"margin-bottom: 1.3em; color: #8e8e8e; font-family: 'PT Sans', sans-serif; font-size: 17.6px;\">Esto no incluye ning\u00fan dato que estemos obligados a conservar con fines administrativos, legales o de seguridad.<\/p>\n<h2 style=\"color: #515151; width: 1050px; margin-top: 0px; margin-bottom: 0.5em; text-rendering: optimizespeed; font-size: 1.6em; line-height: 1.3; font-family: 'PT Serif', sans-serif;\">Cambios en la pol\u00edtica de privacidad<\/h2>\n<p style=\"margin-bottom: 1.3em; color: #8e8e8e; font-family: 'PT Sans', sans-serif; font-size: 17.6px;\"><span style=\"font-size: 17.6px;\">Luis Castro S\u00e1nchez\u00a0<\/span>se reserva el derecho a modificar la presente pol\u00edtica para adaptarla a novedades legislativas o jurisprudenciales, as\u00ed como a pr\u00e1cticas de la industria. En dichos supuestos,\u00a0<span style=\"font-size: 17.6px;\">Luis Castro S\u00e1nchez\u00a0<\/span>anunciar\u00e1 en esta p\u00e1gina los cambios introducidos con razonable antelaci\u00f3n a su puesta en pr\u00e1ctica.<\/p>\n<p><\/p>\t\t\t\t\t\t\t\t<\/div>\n\t\t\t\t<\/div>\n\t\t\t\t\t<\/div>\n\t\t<\/div>\n\t\t\t\t\t<\/div>\n\t\t<\/section>\n\t\t\t\t<\/div>","protected":false},"excerpt":{"rendered":"<p>Pol\u00edtica de privacidad Qui\u00e9nes somos Mediante la aceptaci\u00f3n de la presente Pol\u00edtica de Privacidad prestas tu consentimiento para que los datos personales que proporciones a trav\u00e9s de la p\u00e1gina web puedan ser recabados por la navegaci\u00f3n o contrataci\u00f3n de servicios a trav\u00e9s de la web http:\/\/masdosdecarisma.com gestionada por Luis Castro S\u00e1nchez. En este sentido, se [&hellip;]<\/p>","protected":false},"author":1,"featured_media":0,"parent":0,"menu_order":0,"comment_status":"closed","ping_status":"open","template":"","meta":{"footnotes":""},"class_list":["post-3","page","type-page","status-publish","hentry"],"_links":{"self":[{"href":"https:\/\/masdosdecarisma.com\/en\/wp-json\/wp\/v2\/pages\/3","targetHints":{"allow":["GET"]}}],"collection":[{"href":"https:\/\/masdosdecarisma.com\/en\/wp-json\/wp\/v2\/pages"}],"about":[{"href":"https:\/\/masdosdecarisma.com\/en\/wp-json\/wp\/v2\/types\/page"}],"author":[{"embeddable":true,"href":"https:\/\/masdosdecarisma.com\/en\/wp-json\/wp\/v2\/users\/1"}],"replies":[{"embeddable":true,"href":"https:\/\/masdosdecarisma.com\/en\/wp-json\/wp\/v2\/comments?post=3"}],"version-history":[{"count":0,"href":"https:\/\/masdosdecarisma.com\/en\/wp-json\/wp\/v2\/pages\/3\/revisions"}],"wp:attachment":[{"href":"https:\/\/masdosdecarisma.com\/en\/wp-json\/wp\/v2\/media?parent=3"}],"curies":[{"name":"wp","href":"https:\/\/api.w.org\/{rel}","templated":true}]}}