{"id":1691,"date":"2021-04-23T13:58:28","date_gmt":"2021-04-23T11:58:28","guid":{"rendered":"https:\/\/masdosdecarisma.com\/?page_id=1691"},"modified":"2022-04-25T21:53:29","modified_gmt":"2022-04-25T19:53:29","slug":"faq","status":"publish","type":"page","link":"https:\/\/masdosdecarisma.com\/en\/faq\/","title":{"rendered":"FAQ"},"content":{"rendered":"<div data-elementor-type=\"wp-page\" data-elementor-id=\"1691\" class=\"elementor elementor-1691\">\n\t\t\t\t\t\t<section class=\"elementor-section elementor-top-section elementor-element elementor-element-996d780 elementor-section-boxed elementor-section-height-default elementor-section-height-default\" data-id=\"996d780\" data-element_type=\"section\" data-settings=\"{&quot;background_background&quot;:&quot;classic&quot;}\">\n\t\t\t\t\t\t<div class=\"elementor-container elementor-column-gap-default\">\n\t\t\t\t\t<div class=\"elementor-column elementor-col-100 elementor-top-column elementor-element elementor-element-b36aad1\" data-id=\"b36aad1\" data-element_type=\"column\">\n\t\t\t<div class=\"elementor-widget-wrap elementor-element-populated\">\n\t\t\t\t\t\t<div class=\"elementor-element elementor-element-3a3464d elementor-widget elementor-widget-spacer\" data-id=\"3a3464d\" data-element_type=\"widget\" data-widget_type=\"spacer.default\">\n\t\t\t\t<div class=\"elementor-widget-container\">\n\t\t\t\t\t\t\t<div class=\"elementor-spacer\">\n\t\t\t<div class=\"elementor-spacer-inner\"><\/div>\n\t\t<\/div>\n\t\t\t\t\t\t<\/div>\n\t\t\t\t<\/div>\n\t\t\t\t<div class=\"elementor-element elementor-element-0203ee7 elementor-widget elementor-widget-text-editor\" data-id=\"0203ee7\" data-element_type=\"widget\" data-widget_type=\"text-editor.default\">\n\t\t\t\t<div class=\"elementor-widget-container\">\n\t\t\t\t\t\t\t\t\t<p>Preguntas frecuentes de Cr\u00f3nicas del Ocaso<\/p>\t\t\t\t\t\t\t\t<\/div>\n\t\t\t\t<\/div>\n\t\t\t\t\t<\/div>\n\t\t<\/div>\n\t\t\t\t\t<\/div>\n\t\t<\/section>\n\t\t\t\t<section class=\"elementor-section elementor-top-section elementor-element elementor-element-a973490 elementor-section-boxed elementor-section-height-default elementor-section-height-default\" data-id=\"a973490\" data-element_type=\"section\">\n\t\t\t\t\t\t<div class=\"elementor-container elementor-column-gap-default\">\n\t\t\t\t\t<div class=\"elementor-column elementor-col-100 elementor-top-column elementor-element elementor-element-4453f9a\" data-id=\"4453f9a\" data-element_type=\"column\">\n\t\t\t<div class=\"elementor-widget-wrap elementor-element-populated\">\n\t\t\t\t\t\t<div class=\"elementor-element elementor-element-70cc99e elementor-widget-divider--view-line elementor-widget elementor-widget-divider\" data-id=\"70cc99e\" data-element_type=\"widget\" data-widget_type=\"divider.default\">\n\t\t\t\t<div class=\"elementor-widget-container\">\n\t\t\t\t\t\t\t<div class=\"elementor-divider\">\n\t\t\t<span class=\"elementor-divider-separator\">\n\t\t\t\t\t\t<\/span>\n\t\t<\/div>\n\t\t\t\t\t\t<\/div>\n\t\t\t\t<\/div>\n\t\t\t\t<div class=\"elementor-element elementor-element-3bef22f elementor-widget elementor-widget-toggle\" data-id=\"3bef22f\" data-element_type=\"widget\" data-widget_type=\"toggle.default\">\n\t\t\t\t<div class=\"elementor-widget-container\">\n\t\t\t\t\t\t\t<div class=\"elementor-toggle\">\n\t\t\t\t\t\t\t<div class=\"elementor-toggle-item\">\n\t\t\t\t\t<div id=\"elementor-tab-title-6281\" class=\"elementor-tab-title\" data-tab=\"1\" role=\"button\" aria-controls=\"elementor-tab-content-6281\" aria-expanded=\"false\">\n\t\t\t\t\t\t\t\t\t\t\t\t<span class=\"elementor-toggle-icon elementor-toggle-icon-left\" aria-hidden=\"true\">\n\t\t\t\t\t\t\t\t\t\t\t\t\t\t\t<span class=\"elementor-toggle-icon-closed\"><i class=\"fas fa-chevron-down\"><\/i><\/span>\n\t\t\t\t\t\t\t\t<span class=\"elementor-toggle-icon-opened\"><i class=\"elementor-toggle-icon-opened fas fa-chevron-up\"><\/i><\/span>\n\t\t\t\t\t\t\t\t\t\t\t\t\t<\/span>\n\t\t\t\t\t\t\t\t\t\t\t\t<a class=\"elementor-toggle-title\" tabindex=\"0\">Fe de erratas manual Cr\u00f3nicas del Ocaso<\/a>\n\t\t\t\t\t<\/div>\n\n\t\t\t\t\t<div id=\"elementor-tab-content-6281\" class=\"elementor-tab-content elementor-clearfix\" data-tab=\"1\" role=\"region\" aria-labelledby=\"elementor-tab-title-6281\"><p>Las erratas aqu\u00ed mencionadas han sido corregidas en el manual digital y en la hoja de personaje.<\/p><h5>Fe de erratas versi\u00f3n Junio 2021:<\/h5><ul><li><p>P\u00e1g. 8: Sustituir el significado <strong>Vigor<\/strong> de la segunda columna por \u201c<em>Vigor: Su valor es la mitad de los PS m\u00e1ximos de un personaje sin contar los PS temporales, redondeado a la baja, m\u00e1s su nivel de personaje. Es la cantidad de PS que un personaje puede recuperar al descansar.<\/em>\u201d<\/p><\/li><li><p>P\u00e1g. 11: Sustituir en el apartado <strong>Puntos de salud y vigor<\/strong> la frase <em>\u201cEl Vigor es la mitad de los PS m\u00e1ximos del personaje que representa la energ\u00eda y el aguante del personaje, por lo que se recuperan de forma m\u00e1s r\u00e1pida\u201d<\/em> por \u201c<em>El Vigor es la mitad de los PS m\u00e1ximos del personaje m\u00e1s su nivel de personaje, que representa la energ\u00eda y el aguante del personaje, por lo que se recuperan de forma m\u00e1s r\u00e1pida<\/em>\u201d.<\/p><\/li><li><p>P\u00e1g. 30: En la aptitud <strong>Poderes de furia<\/strong> del b\u00e1rbaro, a\u00f1adir al final del apartado \u00abPara poder aprender un poder de furia, el b\u00e1rbaro debe tener al menos el nivel indicado en la lista de poderes.\u00bb.<\/p><\/li><li><p>P\u00e1g. 45: Sustituir en el apartado <strong>Entrenamiento con armas <\/strong>el p\u00e1rrafo \u201c<em>En el nivel 5, el guerrero puede seleccionar uno de los grupos de armas del listado siguiente. Obtiene un bonificador +1 en las tiradas de ataque realizadas con un arma perteneciente a ese grupo.<\/em>\u201d por \u201c<em>En el nivel 5 \u2014y cada cuatro niveles posteriores\u2014, el guerrero puede seleccionar uno de los grupos de armas del listado siguiente. Obtiene un bonificador +1 en las tiradas de ataque realizadas con un arma perteneciente a ese grupo. Debe seleccionar un grupo de armas distinto cada vez.<\/em>\u201d.<\/p><\/li><li><p>P\u00e1g. 46: En la segunda columna, tras la aptitud \u201cEn guardia\u201d del espadach\u00edn, a\u00f1adir la siguiente aptitud: <strong>Elegancia evasiva<br \/><\/strong>En el nivel 2, si el espadach\u00edn est\u00e1 en guardia y un enemigo realiza un ataque cuerpo a cuerpo contra \u00e9l, puede usar una reacci\u00f3n antes de recibirlo para ganar un modificador a la DF igual a su modificador de Inteligencia. Si consigue esquivar el ataque, el espadach\u00edn puede dar un paso de forma gratuita, pero debe acabar adyacente al atacante.<\/p><\/li><li><p>P\u00e1g. 60: En la aptitud <strong>Poderes ki<\/strong> de la monje, a\u00f1adir al final del apartado \u00abPara poder aprender un poder ki, la monje debe tener al menos el nivel indicado en la lista de poderes\u00bb.<\/p><\/li><li><p>P\u00e1g. 95: En la dote <strong>Maestr\u00eda en intimidaci\u00f3n<\/strong> sustituir \u201casustado\u201d por \u201cparalizado\u201d.<\/p><\/li><li>P\u00e1g. 120: En el apartado <strong>Maderaoscura<\/strong> de la segunda columna, a\u00f1adir al final del p\u00e1rrafo \u201c<em>Los objetos de carga L se consideran de carga 1 a la hora de calcular su valor<\/em>\u201d.<\/li><li><p>P\u00e1g. 137: Eliminar \u00abInvocar monstruo\u00bb de la lista de <strong>Hechizos divinos de grado 1<\/strong>.<\/p><\/li><li><p>P\u00e1g 208: Modifica la <strong>f\u00f3rmula para calcular una CD desafiante<\/strong> por: 15 + nivel + mitad del nivel (redondeado a la baja)<\/p><\/li><li><p>P\u00e1g. 209: En el apartado <strong>Encuentros <\/strong>a\u00f1ade al p\u00e1rrafo tras la primera tabla \u201cSi el grupo est\u00e1 compuesto por m\u00e1s de cinco miembros, aumenta el nivel medio del grupo en uno. Si el grupo est\u00e1 compuesto por menos de cuatro miembros, disminuye el nivel medio del grupo en uno\u201d.<\/p><\/li><li><p>P\u00e1g. 231: En el <strong>Cetro de cancelaci\u00f3n <\/strong>a\u00f1ade al final del p\u00e1rrafo \u201cLos artefactos son inmunes a este efecto\u201d.<\/p><\/li><li><p>P\u00e1g. 231: En el <strong>Cetro de negaci\u00f3n <\/strong>a\u00f1ade al final del p\u00e1rrafo \u201cSi supera la tirada de disipar, inutiliza el poder del objeto m\u00e1gico durante 10 minutos\u201d.<\/p><\/li><li><p>P\u00e1g. 330 (Hoja de personaje): Las habilidades Sigilo y Sociedad deber\u00edan estar ordenadas en orden alfab\u00e9tico.<\/p><\/li><li><p>P\u00e1g. 330 (Hoja de personaje): La habilidad Naturaleza debe ir marcada con * ya que solo puede usarse entrenada.<\/p><\/li><\/ul><h5>Fe de erratas versi\u00f3n Julio 2021:<\/h5><ul><li>P\u00e1g. 118: A\u00f1adir al <strong>estoque<\/strong> la propiedad de arma \u201c<strong>sutil<\/strong>\u201d.<\/li><\/ul><h5>Fe de erratas versi\u00f3n Agosto2021:<\/h5><ul><li><p>P\u00e1g. 303: En las estad\u00edsticas del <strong>Tigre <\/strong>modificar el nivel de 2 a 4. Modificar los ataques para que queden de la siguiente manera:<\/p><p>Garra +10 (\u00e1gil) <strong>Da\u00f1o<\/strong> 1d8+6 (cor) y apresar<\/p><p>Mordisco +9 <strong>Da\u00f1o<\/strong> 2d6+6 (per) y apresar<\/p><p>Desgarrar<\/p><\/li><\/ul><h5>Fe de erratas versi\u00f3n Septiembre 2021:<\/h5><ul><li>P\u00e1g. 260: Sustituir el \u00faltimo p\u00e1rrafo de <strong>Ciudadela Negra<\/strong> por: \u00ab<em>Los habitantes de Ciudadela Negra son tambi\u00e9n habilidosos guerreros, entrenados en la lucha contra drac\u00f3nidos, ya que sus muros han sido testigos de los ardientes alientos de dragones en su intento de penetrar sus defensas en busca de los metales preciosos que los enanos explotan en sus minas subterr\u00e1neas\u00bb<\/em>.<\/li><\/ul><h5>Fe de erratas versi\u00f3n Octubre 2021:<\/h5><ul><li>P\u00e1g. 118: En la tabla de <strong>Armas marciales<\/strong>, en la\u00a0<strong>alabarda\u00a0<\/strong>sustituir el grupo al que pertenece de \u00abEspada pesada\u00bb a \u00abAsta\u00bb<\/li><li>P\u00e1g. 118: En la tabla de <strong>Armas marciales<\/strong>, en el <strong>alfanje <\/strong>sustituir el grupo al que pertenece de \u00abAsta\u00bb a\u00a0 \u00abEspada pesada\u00bb.<\/li><\/ul><h5>Fe de erratas versi\u00f3n Diciembre 2021:<\/h5><ul><li><p>P\u00e1g. 42: En las habilidades de clase de la <strong>Druida <\/strong>modificar \u201cSupervivencia (Int)\u201d por \u201cSupervivencia (Sab)\u201d.<\/p><\/li><li><p>Modificar el ataque de garra del <strong>Felino<\/strong> por:<\/p><p>Garra +2 (\u00e1gil) <strong>Da\u00f1o<\/strong> 1d4(cor)<\/p><\/li><\/ul><h5>Fe de erratas versi\u00f3n Febrero 2022:<\/h5><ul><li><p>P\u00e1g. 58: Sustituir la frase \u00abPS cada nivel superior: 6 <strong>(1d8)<\/strong> + modif. Constituci\u00f3n.\u00bb por \u00abPS cada nivel superior: 6 <strong>(1d10)<\/strong> + modif. Constituci\u00f3n.\u00bb<\/p><\/li><li>P\u00e1g. 59: Sustituir el primer p\u00e1rrafo de la aptitud <strong>Golpe Ki<\/strong> por: \u00abEn el nivel 3, mientras la monje tenga al menos 1 punto ki en su reserva, sus ataques sin armas se consideran golpes ki que hacen que sean considerados de diferente tipo para superar la RD.\u00bb<\/li><\/ul><h5>Fe de erratas versi\u00f3n Marzo 2022:<\/h5><ul><li><p>P\u00e1g. 123: Precio de Candado superior modificado a 160 po.<\/p><\/li><li>P\u00e1g. 136: El nombre del hechizo arcano <strong>Miedo\u00a0<\/strong>de grado 4 se ha modificado por \u00abTerror\u00bb. Tambi\u00e9n se ha modificado de la p\u00e1g. 178.<\/li><li>P\u00e1g. 268: En la tabla <strong>Ataques y da\u00f1o<\/strong> de la creaci\u00f3n de criaturas modificar la fila de los niveles 4 y 5 por lo siguiente:<br \/><strong>Nivel 4 | +7 | +6 | +5 | +2 |<\/strong><br \/><strong>Nivel 5 | +9 | +7 | +6 | +4 |<\/strong><\/li><li>P\u00e1g. 282: Sustituir el nivel del \u00faltimo <strong>Animal alado<\/strong> de 11 a 13.<\/li><li>P\u00e1g. 285: Sustituir el nivel de la \u00faltima <strong>Bestia m\u00e1gica alada<\/strong> de 11 a 13.<\/li><\/ul><h5>Fe de erratas versi\u00f3n Abril 2022:<\/h5><ul><li><p>P\u00e1g. 81: En la secci\u00f3n <strong>Pruebas de habilidad<\/strong>, en el segundo p\u00e1rrafo antes de la tabla, sustituir la \u00faltima frase por \u00abEste penalizador depende del tipo de armadura que vista el personaje e impone ese modificador a la prueba de habilidad, excepto si se usa en una maniobra de combate.\u00bb<\/p><\/li><li>P\u00e1g. 115: En el apartado <strong>Estad\u00edsticas de las armaduras\u00a0<\/strong>a\u00f1adir al final de la propiedad <strong>Penalizador de armadura<\/strong> lo siguiente: \u00abpero no en las maniobras de combate.\u00bb<\/li><li>P\u00e1g. 129: Modificar el p\u00e1rrafo \u00ab<strong>Los hechizos tienen grados entre 0 y 10 que indican su poder. Los hechizos de grado 0, conocidos como trucos, son aquellos que cualquier lanzador es capaz de conjurar sin apenas esfuerzo mientras que los de grados m\u00e1s altos requieren grandes cantidades de poder y concentraci\u00f3n. Para poder conjurar un hechizo de grado alto, un lanzador deber\u00e1 poseer el nivel y las caracter\u00edsticas adecuadas<\/strong>\u00bb por \u00ab<em>Los hechizos tienen grados entre 1 y 10 que indican su poder. Los hechizos conocidos como trucos son un tipo de hechizo de grado 1 que cualquier lanzador es capaz de conjurar sin apenas esfuerzo, mientras que los de grados m\u00e1s altos requieren grandes cantidades de poder y concentraci\u00f3n. Para poder conjurar un hechizo de grado alto, un lanzador deber\u00e1 poseer el nivel y las caracter\u00edsticas adecuadas<\/em>\u00ab.<\/li><\/ul><\/div>\n\t\t\t\t<\/div>\n\t\t\t\t\t\t\t\t<\/div>\n\t\t\t\t\t\t<\/div>\n\t\t\t\t<\/div>\n\t\t\t\t\t<\/div>\n\t\t<\/div>\n\t\t\t\t\t<\/div>\n\t\t<\/section>\n\t\t\t\t<\/div>","protected":false},"excerpt":{"rendered":"<p>Preguntas frecuentes de Cr\u00f3nicas del Ocaso Fe de erratas manual Cr\u00f3nicas del Ocaso Las erratas aqu\u00ed mencionadas han sido corregidas en el manual digital y en la hoja de personaje. Fe de erratas versi\u00f3n Junio 2021: P\u00e1g. 8: Sustituir el significado Vigor de la segunda columna por \u201cVigor: Su valor es la mitad de los [&hellip;]<\/p>","protected":false},"author":1,"featured_media":0,"parent":0,"menu_order":0,"comment_status":"closed","ping_status":"closed","template":"elementor_header_footer","meta":{"footnotes":""},"class_list":["post-1691","page","type-page","status-publish","hentry"],"_links":{"self":[{"href":"https:\/\/masdosdecarisma.com\/en\/wp-json\/wp\/v2\/pages\/1691","targetHints":{"allow":["GET"]}}],"collection":[{"href":"https:\/\/masdosdecarisma.com\/en\/wp-json\/wp\/v2\/pages"}],"about":[{"href":"https:\/\/masdosdecarisma.com\/en\/wp-json\/wp\/v2\/types\/page"}],"author":[{"embeddable":true,"href":"https:\/\/masdosdecarisma.com\/en\/wp-json\/wp\/v2\/users\/1"}],"replies":[{"embeddable":true,"href":"https:\/\/masdosdecarisma.com\/en\/wp-json\/wp\/v2\/comments?post=1691"}],"version-history":[{"count":12,"href":"https:\/\/masdosdecarisma.com\/en\/wp-json\/wp\/v2\/pages\/1691\/revisions"}],"predecessor-version":[{"id":2187,"href":"https:\/\/masdosdecarisma.com\/en\/wp-json\/wp\/v2\/pages\/1691\/revisions\/2187"}],"wp:attachment":[{"href":"https:\/\/masdosdecarisma.com\/en\/wp-json\/wp\/v2\/media?parent=1691"}],"curies":[{"name":"wp","href":"https:\/\/api.w.org\/{rel}","templated":true}]}}